{"id":3491,"date":"2025-03-16T11:05:02","date_gmt":"2025-03-16T10:05:02","guid":{"rendered":"https:\/\/www.torunnskjelland.com\/cooperation\/just-a-few-words-from-mallorca\/"},"modified":"2025-03-16T11:05:02","modified_gmt":"2025-03-16T10:05:02","slug":"just-a-few-words-from-mallorca","status":"publish","type":"page","link":"https:\/\/www.torunnskjelland.com\/en\/collaboration\/just-a-few-words-from-mallorca\/","title":{"rendered":"Just a few words from Mallorca\u2026"},"content":{"rendered":"\n<h3>Just a few words from Mallorca\u2026<\/h3>\n<p><em>2007, <\/em><em>Visningsrommet USF, Bergen <\/em> <\/p>\n<p>Collaboration with Vigdis Fjellheim<\/p>\n\n  \n    <div class=\"row large-columns-3 medium-columns- small-columns-2 row-large\" >\n  <div class=\"gallery-col col\" >\n          <div class=\"col-inner\">\n            <a class=\"image-lightbox lightbox-gallery\" href=\"https:\/\/www.torunnskjelland.com\/wp-content\/uploads\/2025\/03\/25_SKJELLAND.jpg\" title=\"\">            <div class=\"box has-hover gallery-box box-overlay dark\">\n              <div class=\"box-image image-cover\" style=\"padding-top:100%;\">\n                <img loading=\"lazy\" decoding=\"async\" width=\"533\" height=\"400\" src=\"https:\/\/www.torunnskjelland.com\/wp-content\/uploads\/2025\/03\/25_SKJELLAND-533x400.jpg\" class=\"attachment-medium size-medium\" alt=\"\" ids=\"1937,1938,1939,1940,1941,1942,1943\" lightbox_image_size=\"original\" col_spacing=\"large\" columns=\"3\" image_height=\"100%\" srcset=\"https:\/\/www.torunnskjelland.com\/wp-content\/uploads\/2025\/03\/25_SKJELLAND-533x400.jpg 533w, https:\/\/www.torunnskjelland.com\/wp-content\/uploads\/2025\/03\/25_SKJELLAND-768x576.jpg 768w, https:\/\/www.torunnskjelland.com\/wp-content\/uploads\/2025\/03\/25_SKJELLAND.jpg 1024w\" sizes=\"auto, (max-width: 533px) 100vw, 533px\" \/>                                  <div class=\"overlay fill\"\n                      style=\"background-color: rgba(0,0,0,.15)\">\n                  <\/div>\n                                                              <\/div>\n              <div class=\"box-text text-left\" >\n                 <p><\/p>\n              <\/div>\n            <\/div>\n            <\/a>          <\/div>\n         <\/div><div class=\"gallery-col col\" >\n          <div class=\"col-inner\">\n            <a class=\"image-lightbox lightbox-gallery\" href=\"https:\/\/www.torunnskjelland.com\/wp-content\/uploads\/2025\/03\/27_SKJELLAND.jpg\" title=\"\">            <div class=\"box has-hover gallery-box box-overlay dark\">\n              <div class=\"box-image image-cover\" style=\"padding-top:100%;\">\n                <img loading=\"lazy\" decoding=\"async\" width=\"533\" height=\"400\" src=\"https:\/\/www.torunnskjelland.com\/wp-content\/uploads\/2025\/03\/27_SKJELLAND-533x400.jpg\" class=\"attachment-medium size-medium\" alt=\"\" ids=\"1937,1938,1939,1940,1941,1942,1943\" lightbox_image_size=\"original\" col_spacing=\"large\" columns=\"3\" image_height=\"100%\" srcset=\"https:\/\/www.torunnskjelland.com\/wp-content\/uploads\/2025\/03\/27_SKJELLAND-533x400.jpg 533w, https:\/\/www.torunnskjelland.com\/wp-content\/uploads\/2025\/03\/27_SKJELLAND-768x576.jpg 768w, https:\/\/www.torunnskjelland.com\/wp-content\/uploads\/2025\/03\/27_SKJELLAND.jpg 1024w\" sizes=\"auto, (max-width: 533px) 100vw, 533px\" \/>                                  <div class=\"overlay fill\"\n                      style=\"background-color: rgba(0,0,0,.15)\">\n                  <\/div>\n                                                              <\/div>\n              <div class=\"box-text text-left\" >\n                 <p><\/p>\n              <\/div>\n            <\/div>\n            <\/a>          <\/div>\n         <\/div><div class=\"gallery-col col\" >\n          <div class=\"col-inner\">\n            <a class=\"image-lightbox lightbox-gallery\" href=\"https:\/\/www.torunnskjelland.com\/wp-content\/uploads\/2025\/03\/27.1_SKJELLAND.jpg\" title=\"\">            <div class=\"box has-hover gallery-box box-overlay dark\">\n              <div class=\"box-image image-cover\" style=\"padding-top:100%;\">\n                <img loading=\"lazy\" decoding=\"async\" width=\"533\" height=\"400\" src=\"https:\/\/www.torunnskjelland.com\/wp-content\/uploads\/2025\/03\/27.1_SKJELLAND-533x400.jpg\" class=\"attachment-medium size-medium\" alt=\"\" ids=\"1937,1938,1939,1940,1941,1942,1943\" lightbox_image_size=\"original\" col_spacing=\"large\" columns=\"3\" image_height=\"100%\" srcset=\"https:\/\/www.torunnskjelland.com\/wp-content\/uploads\/2025\/03\/27.1_SKJELLAND-533x400.jpg 533w, https:\/\/www.torunnskjelland.com\/wp-content\/uploads\/2025\/03\/27.1_SKJELLAND-768x576.jpg 768w, https:\/\/www.torunnskjelland.com\/wp-content\/uploads\/2025\/03\/27.1_SKJELLAND.jpg 1024w\" sizes=\"auto, (max-width: 533px) 100vw, 533px\" \/>                                  <div class=\"overlay fill\"\n                      style=\"background-color: rgba(0,0,0,.15)\">\n                  <\/div>\n                                                              <\/div>\n              <div class=\"box-text text-left\" >\n                 <p><\/p>\n              <\/div>\n            <\/div>\n            <\/a>          <\/div>\n         <\/div><div class=\"gallery-col col\" >\n          <div class=\"col-inner\">\n            <a class=\"image-lightbox lightbox-gallery\" href=\"https:\/\/www.torunnskjelland.com\/wp-content\/uploads\/2025\/03\/28_SKJELLAND.jpg\" title=\"\">            <div class=\"box has-hover gallery-box box-overlay dark\">\n              <div class=\"box-image image-cover\" style=\"padding-top:100%;\">\n                <img loading=\"lazy\" decoding=\"async\" width=\"533\" height=\"400\" src=\"https:\/\/www.torunnskjelland.com\/wp-content\/uploads\/2025\/03\/28_SKJELLAND-533x400.jpg\" class=\"attachment-medium size-medium\" alt=\"\" ids=\"1937,1938,1939,1940,1941,1942,1943\" lightbox_image_size=\"original\" col_spacing=\"large\" columns=\"3\" image_height=\"100%\" srcset=\"https:\/\/www.torunnskjelland.com\/wp-content\/uploads\/2025\/03\/28_SKJELLAND-533x400.jpg 533w, https:\/\/www.torunnskjelland.com\/wp-content\/uploads\/2025\/03\/28_SKJELLAND-768x576.jpg 768w, https:\/\/www.torunnskjelland.com\/wp-content\/uploads\/2025\/03\/28_SKJELLAND.jpg 1024w\" sizes=\"auto, (max-width: 533px) 100vw, 533px\" \/>                                  <div class=\"overlay fill\"\n                      style=\"background-color: rgba(0,0,0,.15)\">\n                  <\/div>\n                                                              <\/div>\n              <div class=\"box-text text-left\" >\n                 <p><\/p>\n              <\/div>\n            <\/div>\n            <\/a>          <\/div>\n         <\/div><div class=\"gallery-col col\" >\n          <div class=\"col-inner\">\n            <a class=\"image-lightbox lightbox-gallery\" href=\"https:\/\/www.torunnskjelland.com\/wp-content\/uploads\/2025\/03\/29_SKJELLAND.jpg\" title=\"\">            <div class=\"box has-hover gallery-box box-overlay dark\">\n              <div class=\"box-image image-cover\" style=\"padding-top:100%;\">\n                <img loading=\"lazy\" decoding=\"async\" width=\"533\" height=\"400\" src=\"https:\/\/www.torunnskjelland.com\/wp-content\/uploads\/2025\/03\/29_SKJELLAND-533x400.jpg\" class=\"attachment-medium size-medium\" alt=\"\" ids=\"1937,1938,1939,1940,1941,1942,1943\" lightbox_image_size=\"original\" col_spacing=\"large\" columns=\"3\" image_height=\"100%\" srcset=\"https:\/\/www.torunnskjelland.com\/wp-content\/uploads\/2025\/03\/29_SKJELLAND-533x400.jpg 533w, https:\/\/www.torunnskjelland.com\/wp-content\/uploads\/2025\/03\/29_SKJELLAND-768x576.jpg 768w, https:\/\/www.torunnskjelland.com\/wp-content\/uploads\/2025\/03\/29_SKJELLAND.jpg 1024w\" sizes=\"auto, (max-width: 533px) 100vw, 533px\" \/>                                  <div class=\"overlay fill\"\n                      style=\"background-color: rgba(0,0,0,.15)\">\n                  <\/div>\n                                                              <\/div>\n              <div class=\"box-text text-left\" >\n                 <p><\/p>\n              <\/div>\n            <\/div>\n            <\/a>          <\/div>\n         <\/div><div class=\"gallery-col col\" >\n          <div class=\"col-inner\">\n            <a class=\"image-lightbox lightbox-gallery\" href=\"https:\/\/www.torunnskjelland.com\/wp-content\/uploads\/2025\/03\/30_SKJELLAND.jpg\" title=\"\">            <div class=\"box has-hover gallery-box box-overlay dark\">\n              <div class=\"box-image image-cover\" style=\"padding-top:100%;\">\n                <img loading=\"lazy\" decoding=\"async\" width=\"533\" height=\"400\" src=\"https:\/\/www.torunnskjelland.com\/wp-content\/uploads\/2025\/03\/30_SKJELLAND-533x400.jpg\" class=\"attachment-medium size-medium\" alt=\"\" ids=\"1937,1938,1939,1940,1941,1942,1943\" lightbox_image_size=\"original\" col_spacing=\"large\" columns=\"3\" image_height=\"100%\" srcset=\"https:\/\/www.torunnskjelland.com\/wp-content\/uploads\/2025\/03\/30_SKJELLAND-533x400.jpg 533w, https:\/\/www.torunnskjelland.com\/wp-content\/uploads\/2025\/03\/30_SKJELLAND-768x576.jpg 768w, https:\/\/www.torunnskjelland.com\/wp-content\/uploads\/2025\/03\/30_SKJELLAND.jpg 1024w\" sizes=\"auto, (max-width: 533px) 100vw, 533px\" \/>                                  <div class=\"overlay fill\"\n                      style=\"background-color: rgba(0,0,0,.15)\">\n                  <\/div>\n                                                              <\/div>\n              <div class=\"box-text text-left\" >\n                 <p><\/p>\n              <\/div>\n            <\/div>\n            <\/a>          <\/div>\n         <\/div><div class=\"gallery-col col\" >\n          <div class=\"col-inner\">\n            <a class=\"image-lightbox lightbox-gallery\" href=\"https:\/\/www.torunnskjelland.com\/wp-content\/uploads\/2025\/03\/31_SKJELLAND.jpg\" title=\"\">            <div class=\"box has-hover gallery-box box-overlay dark\">\n              <div class=\"box-image image-cover\" style=\"padding-top:100%;\">\n                <img loading=\"lazy\" decoding=\"async\" width=\"533\" height=\"400\" src=\"https:\/\/www.torunnskjelland.com\/wp-content\/uploads\/2025\/03\/31_SKJELLAND-533x400.jpg\" class=\"attachment-medium size-medium\" alt=\"\" ids=\"1937,1938,1939,1940,1941,1942,1943\" lightbox_image_size=\"original\" col_spacing=\"large\" columns=\"3\" image_height=\"100%\" srcset=\"https:\/\/www.torunnskjelland.com\/wp-content\/uploads\/2025\/03\/31_SKJELLAND-533x400.jpg 533w, https:\/\/www.torunnskjelland.com\/wp-content\/uploads\/2025\/03\/31_SKJELLAND-768x576.jpg 768w, https:\/\/www.torunnskjelland.com\/wp-content\/uploads\/2025\/03\/31_SKJELLAND.jpg 1024w\" sizes=\"auto, (max-width: 533px) 100vw, 533px\" \/>                                  <div class=\"overlay fill\"\n                      style=\"background-color: rgba(0,0,0,.15)\">\n                  <\/div>\n                                                              <\/div>\n              <div class=\"box-text text-left\" >\n                 <p><\/p>\n              <\/div>\n            <\/div>\n            <\/a>          <\/div>\n         <\/div><\/div>\n\n<p>I sommerm\u00e5nedene 2007 ble Visningsrommet USF sine 181 kvm forvandlet til et tredimensjonalt postkort; veggmalerier fra gulv til tak, mosaikk laget av fargesprakende voksduker p\u00e5 gulvet, store palmer og metervis med juletrebelysning. Motivene fra veggmaleriene var alle fotografier vi selv hadde tatt p\u00e5 (charter)reiser, i tillegg til postkort fra \u00abSyden\u00bb funnet hos ulike brukthandlere. I denne utstillingen fr\u00e5tset vi i en frodig estetikk der vi utforsket samspillet mellom det to- og tredimensjonale, og en romlig bearbeidelse av maleriet.<\/p>\n<p>Tematisk ber\u00f8rte ogs\u00e5 denne utstillingen lengselen etter den autentiske reiseopplevelsen. Med visuelle grep generaliserte vi de unike ferieminnene og definerte dem som kollektive reiseminner. Vi satte fokus p\u00e5 turisten, den reisende, og enhver turists viktigste rekvisitt; fotografiapparatet. Viktigere enn \u00e5 faktisk v\u00e6re der, er det \u00e5 inneha beviset for at man <em>har v\u00e6rt<\/em> der, og \u00e5 bringe beviset med seg hjem. Vi viste turisten som dokumenterer og blir dokumentert og valgte bevisst \u00e5 utelate severdigheter og situasjoner.<\/p>\n\n","protected":false},"excerpt":{"rendered":"","protected":false},"author":1,"featured_media":0,"parent":3349,"menu_order":0,"comment_status":"closed","ping_status":"closed","template":"","meta":{"footnotes":""},"class_list":["post-3491","page","type-page","status-publish","hentry"],"_links":{"self":[{"href":"https:\/\/www.torunnskjelland.com\/en\/wp-json\/wp\/v2\/pages\/3491","targetHints":{"allow":["GET"]}}],"collection":[{"href":"https:\/\/www.torunnskjelland.com\/en\/wp-json\/wp\/v2\/pages"}],"about":[{"href":"https:\/\/www.torunnskjelland.com\/en\/wp-json\/wp\/v2\/types\/page"}],"author":[{"embeddable":true,"href":"https:\/\/www.torunnskjelland.com\/en\/wp-json\/wp\/v2\/users\/1"}],"replies":[{"embeddable":true,"href":"https:\/\/www.torunnskjelland.com\/en\/wp-json\/wp\/v2\/comments?post=3491"}],"version-history":[{"count":0,"href":"https:\/\/www.torunnskjelland.com\/en\/wp-json\/wp\/v2\/pages\/3491\/revisions"}],"up":[{"embeddable":true,"href":"https:\/\/www.torunnskjelland.com\/en\/wp-json\/wp\/v2\/pages\/3349"}],"wp:attachment":[{"href":"https:\/\/www.torunnskjelland.com\/en\/wp-json\/wp\/v2\/media?parent=3491"}],"curies":[{"name":"wp","href":"https:\/\/api.w.org\/{rel}","templated":true}]}}